{"id":1515,"date":"2024-11-04T18:52:55","date_gmt":"2024-11-04T18:52:55","guid":{"rendered":"https:\/\/nextgun.ch\/nutzungsbedingungen\/"},"modified":"2024-12-02T22:59:15","modified_gmt":"2024-12-02T22:59:15","slug":"nutzungsbedingungen","status":"publish","type":"page","link":"https:\/\/nextgun.ch\/de\/nutzungsbedingungen\/","title":{"rendered":"Nutzungsbedingungen"},"content":{"rendered":"\t\t<div data-elementor-type=\"wp-page\" data-elementor-id=\"1515\" class=\"elementor elementor-1515 elementor-811\" data-elementor-post-type=\"page\">\n\t\t\t\t<div class=\"elementor-element elementor-element-3011187 e-flex e-con-boxed e-con e-parent\" data-id=\"3011187\" data-element_type=\"container\" data-e-type=\"container\">\n\t\t\t\t\t<div class=\"e-con-inner\">\n\t\t\t\t<div class=\"elementor-element elementor-element-314b0c2 elementor-widget elementor-widget-spacer\" data-id=\"314b0c2\" data-element_type=\"widget\" data-e-type=\"widget\" data-widget_type=\"spacer.default\">\n\t\t\t\t<div class=\"elementor-widget-container\">\n\t\t\t\t\t\t\t<div class=\"elementor-spacer\">\n\t\t\t<div class=\"elementor-spacer-inner\"><\/div>\n\t\t<\/div>\n\t\t\t\t\t\t<\/div>\n\t\t\t\t<\/div>\n\t\t\t\t<div class=\"elementor-element elementor-element-328d166 elementor-widget elementor-widget-heading\" data-id=\"328d166\" data-element_type=\"widget\" data-e-type=\"widget\" data-widget_type=\"heading.default\">\n\t\t\t\t<div class=\"elementor-widget-container\">\n\t\t\t\t\t<h1 class=\"elementor-heading-title elementor-size-default\">Allgemeine Nutzungsbedingungen<\/h1>\t\t\t\t<\/div>\n\t\t\t\t<\/div>\n\t\t\t\t<div class=\"elementor-element elementor-element-1500d02 elementor-widget elementor-widget-spacer\" data-id=\"1500d02\" data-element_type=\"widget\" data-e-type=\"widget\" data-widget_type=\"spacer.default\">\n\t\t\t\t<div class=\"elementor-widget-container\">\n\t\t\t\t\t\t\t<div class=\"elementor-spacer\">\n\t\t\t<div class=\"elementor-spacer-inner\"><\/div>\n\t\t<\/div>\n\t\t\t\t\t\t<\/div>\n\t\t\t\t<\/div>\n\t\t\t\t\t<\/div>\n\t\t\t\t<\/div>\n\t\t<div class=\"elementor-element elementor-element-80f0265 e-flex e-con-boxed e-con e-parent\" data-id=\"80f0265\" data-element_type=\"container\" data-e-type=\"container\">\n\t\t\t\t\t<div class=\"e-con-inner\">\n\t\t\t\t<div class=\"elementor-element elementor-element-bb48790 elementor-widget elementor-widget-text-editor\" data-id=\"bb48790\" data-element_type=\"widget\" data-e-type=\"widget\" data-widget_type=\"text-editor.default\">\n\t\t\t\t<div class=\"elementor-widget-container\">\n\t\t\t\t\t\t\t\t\t<p class=\"p3\"><b>Letzte Aktualisierung :  [04 .10.2024]<\/b><\/p>\n<p class=\"p3\">Willkommen bei Nextgun.ch. Durch den Zugriff auf und die Nutzung unserer Plattform erkl\u00e4ren Sie sich mit diesen Allgemeinen Gesch\u00e4ftsbedingungen (AGB) einverstanden. Bitte lesen Sie diese sorgf\u00e4ltig durch, da sie die Regeln und Verantwortlichkeiten der Nutzer unseres Marktplatzes festlegen.<\/p>\n<p class=\"p4\"><b>1. Einf\u00fchrung in Nextgun<\/b><\/p>\n<p class=\"p3\">Nextgun ist eine Online-Plattform, die Privatpersonen beim Kauf und Verkauf von gebrauchten Waffen in der Schweiz zusammenbringt. <b>Nextgun ist kein Waffenh\u00e4ndler<\/b> und beteiligt sich nicht an Transaktionen als K\u00e4ufer oder Verk\u00e4ufer von Feuerwaffen. Wir vermitteln nur zwischen Verk\u00e4ufern und potenziellen K\u00e4ufern.<\/p>\n<p class=\"p4\"><b>2. Nutzung der Plattform<\/b><\/p>\n<p class=\"p3\">Nextgun bietet einen digitalen Raum zur Ver\u00f6ffentlichung von Anzeigen f\u00fcr den Verkauf von gebrauchten Waffen zwischen Privatpersonen. Durch die Nutzung unserer Plattform erkl\u00e4ren sich die Nutzer (Verk\u00e4ufer und K\u00e4ufer) damit einverstanden, alle anwendbaren Gesetze und Vorschriften einzuhalten, insbesondere diejenigen, die den Verkauf, den Kauf und die \u00dcbertragung von Feuerwaffen in der Schweiz regeln.<\/p>\n<p class=\"p4\"><b>3. Haftung des Verk\u00e4ufers<\/b><\/p>\n<p class=\"p3\">Es liegt in der <b>alleinigen Verantwortung des Verk\u00e4ufers<\/b>, sicherzustellen, dass die Transaktion den geltenden schweizerischen Gesetzen entspricht, insbesondere den Bestimmungen \u00fcber :<\/p>\n<p class=\"p5\">-\u00dcberpr\u00fcfung der Identit\u00e4t des K\u00e4ufers.<\/p>\n<p class=\"p5\">-die Einhaltung der Kriterien f\u00fcr den legalen Besitz einer Waffe durch den K\u00e4ufer.<\/p>\n<p class=\"p5\">-die Einholung aller erforderlichen Genehmigungen von den zust\u00e4ndigen Beh\u00f6rden, einschlie\u00dflich, falls erforderlich, der Beantragung einer Genehmigung f\u00fcr den Verkauf von Waffen.<\/p>\n<p class=\"p3\"><b>Nextgun \u00fcbernimmt keine Verantwortung<\/b> f\u00fcr die Nichteinhaltung der gesetzlichen Verpflichtungen durch den Verk\u00e4ufer.<\/p>\n<p class=\"p4\"><b>4. Haftung des K\u00e4ufers<\/b><\/p>\n<p class=\"p3\">Der K\u00e4ufer ist auch daf\u00fcr verantwortlich zu \u00fcberpr\u00fcfen, ob er die gesetzlichen Anforderungen f\u00fcr den Erwerb der Waffe, die er kaufen m\u00f6chte, erf\u00fcllt. Vor Abschluss des Kaufs muss der K\u00e4ufer sicherstellen, dass :<\/p>\n<p class=\"p5\">-dass er im Besitz der erforderlichen Genehmigungen f\u00fcr den Kauf und den Besitz einer Waffe ist.<\/p>\n<p class=\"p5\">-Er ist nach Schweizer Recht berechtigt, die Waffe zu besitzen.<\/p>\n<p class=\"p5\">-alle von den Beh\u00f6rden geforderten Schritte zur \u00dcberpr\u00fcfung der Identit\u00e4t und der Einhaltung der gesetzlichen Bestimmungen einzuhalten.<\/p>\n<p class=\"p5\">Nextgun empfiehlt dem K\u00e4ufer, sich vor jeder Transaktion \u00fcber die geltenden rechtlichen Verpflichtungen zu informieren.<\/p>\n<p class=\"p4\"><b>5. Beschr\u00e4nkung der Haftung<\/b><\/p>\n<p class=\"p3\">Als Vermittlungsplattform <b>\u00fcbernimmt Nextgun keine Haftung f\u00fcr Streitigkeiten, Sch\u00e4den oder Gesetzesverst\u00f6\u00dfe<\/b>, die sich aus einer \u00fcber unsere Website get\u00e4tigten Transaktion ergeben. Wir greifen nicht in die Transaktionen ein und \u00fcbernehmen keine Verantwortung f\u00fcr die Transaktionen:<\/p>\n<p class=\"p5\">-die \u00dcberpr\u00fcfung der vom Verk\u00e4ufer gelieferten Informationen.<\/p>\n<p class=\"p5\">-die Legalit\u00e4t oder Konformit\u00e4t der zum Verkauf angebotenen Waffe.<\/p>\n<p class=\"p5\">-die Einhaltung der gesetzlichen Verpflichtungen durch die Nutzer<\/p>\n<p class=\"p5\">Im Falle der Nichteinhaltung der Schweizer Gesetze oder eines Rechtsstreits zwischen K\u00e4ufer und Verk\u00e4ufer <b>kann Nextgun<\/b> nicht <b>haftbar<\/b> gemacht werden und leistet keine rechtliche Unterst\u00fctzung.<\/p>\n<p class=\"p4\"><b>6. Einhaltung von Gesetzen und Vorschriften<\/b><\/p>\n<p class=\"p3\">Durch die Nutzung unserer Plattform verpflichten sich die Nutzer, alle in der Schweiz geltenden lokalen Gesetze, Vorschriften und Richtlinien in Bezug auf Feuerwaffen zu befolgen. Nextgun ermutigt seine Nutzer, die offiziellen Ressourcen zu konsultieren und, falls erforderlich, rechtlichen Rat einzuholen, bevor sie eine Transaktion t\u00e4tigen.<\/p>\n<p class=\"p4\"><b>7. Regeln f\u00fcr die Ver\u00f6ffentlichung von Anzeigen<\/b><\/p>\n<p class=\"p3\">Nextgun-Benutzer m\u00fcssen sich bei der Ver\u00f6ffentlichung von Anzeigen an die folgenden Regeln halten:<\/p>\n<p class=\"p5\">-Die Beschreibungen der Waffen m\u00fcssen genau sein und d\u00fcrfen die K\u00e4ufer nicht irref\u00fchren.<\/p>\n<p class=\"p5\">-Die Fotos m\u00fcssen die zum Verkauf stehende Waffe wahrheitsgetreu abbilden.<\/p>\n<p class=\"p5\">-In keiner Anzeige d\u00fcrfen illegale Waffen oder Waffen, die nicht den Schweizer Vorschriften entsprechen, beworben werden.<\/p>\n<p class=\"p5\">-Die Informationen \u00fcber den Verkauf m\u00fcssen alle relevanten Details enthalten, um eine ordnungsgem\u00e4\u00dfe und transparente Transaktion zu gew\u00e4hrleisten.<\/p>\n<p class=\"p5\">Nextgun beh\u00e4lt sich das Recht vor, jede Anzeige, die gegen diese Regeln verst\u00f6\u00dft, ohne vorherige Ank\u00fcndigung zu entfernen.<\/p>\n<p class=\"p4\"><b>8. Verpflichtung der Nutzer<\/b><\/p>\n<p class=\"p3\">Durch die Einrichtung eines Kontos bei Nextgun und die Nutzung unseres Marktplatzes erkennen die Benutzer an, dass sie auf eigene Verantwortung handeln und sich verpflichten, diese AGB sowie alle anwendbaren Gesetze einzuhalten. Im Falle einer Verletzung der Regeln der Plattform oder der geltenden Gesetze beh\u00e4lt sich Nextgun das Recht vor, das Konto des Benutzers ohne vorherige Ank\u00fcndigung zu sperren oder zu l\u00f6schen.<\/p>\n<p class=\"p4\"><b>9. Schutz der pers\u00f6nlichen Daten<\/b><\/p>\n<p class=\"p3\">Nextgun verpflichtet sich, die Vertraulichkeit Ihrer pers\u00f6nlichen Informationen in \u00dcbereinstimmung mit dem Schweizer Datenschutzgesetz zu sch\u00fctzen. F\u00fcr weitere Einzelheiten \u00fcber die Verwendung Ihrer Daten lesen Sie bitte unsere <b>Datenschutzrichtlinie<\/b>.<\/p>\n<p class=\"p4\"><b>10. \u00c4nderungen der Allgemeinen Nutzungsbedingungen<\/b><\/p>\n<p class=\"p3\">Nextgun beh\u00e4lt sich das Recht vor, diese Nutzungsbedingungen jederzeit zu \u00e4ndern. Die Nutzer werden \u00fcber wichtige \u00c4nderungen durch eine Benachrichtigung auf der Website oder per E-Mail informiert. Durch die weitere Nutzung der Plattform nach einer \u00c4nderung der AGB akzeptieren die Nutzer die neuen Bedingungen.<\/p>\n<p class=\"p3\"><b>Kontakt :<\/b><\/p>\n<p class=\"p3\">Wenn Sie Fragen oder W\u00fcnsche zu diesen Allgemeinen Nutzungsbedingungen haben, k\u00f6nnen Sie uns \u00fcber die folgende E-Mail-Adresse kontaktieren: [adresse e-mail du support].<\/p>\n<p class=\"p3\"><i>Durch die Nutzung von Nextgun stimmen Sie diesen Bedingungen zu und erkennen an, dass Nextgun nur eine Plattform f\u00fcr die Vermittlung zwischen Privatpersonen ist. Die Rechtskonformit\u00e4t jeder Transaktion liegt in der Verantwortung des K\u00e4ufers und des Verk\u00e4ufers.<\/i><\/p>\n\t\t\t\t\t\t\t\t<\/div>\n\t\t\t\t<\/div>\n\t\t\t\t\t<\/div>\n\t\t\t\t<\/div>\n\t\t\t\t<\/div>\n\t\t","protected":false},"excerpt":{"rendered":"<p>Allgemeine Nutzungsbedingungen Letzte Aktualisierung : [04 .10.2024] Willkommen bei Nextgun.ch. Durch den Zugriff auf und die Nutzung unserer Plattform erkl\u00e4ren Sie sich mit diesen Allgemeinen Gesch\u00e4ftsbedingungen (AGB) einverstanden. Bitte lesen Sie diese sorgf\u00e4ltig durch, da sie die Regeln und Verantwortlichkeiten der Nutzer unseres Marktplatzes festlegen. 1. Einf\u00fchrung in Nextgun Nextgun ist eine Online-Plattform, die Privatpersonen [&hellip;]<\/p>\n","protected":false},"author":1,"featured_media":0,"parent":0,"menu_order":0,"comment_status":"closed","ping_status":"closed","template":"","meta":{"_acf_changed":false,"footnotes":""},"class_list":["post-1515","page","type-page","status-publish","hentry"],"acf":[],"aioseo_notices":[],"_links":{"self":[{"href":"https:\/\/nextgun.ch\/de\/wp-json\/wp\/v2\/pages\/1515","targetHints":{"allow":["GET"]}}],"collection":[{"href":"https:\/\/nextgun.ch\/de\/wp-json\/wp\/v2\/pages"}],"about":[{"href":"https:\/\/nextgun.ch\/de\/wp-json\/wp\/v2\/types\/page"}],"author":[{"embeddable":true,"href":"https:\/\/nextgun.ch\/de\/wp-json\/wp\/v2\/users\/1"}],"replies":[{"embeddable":true,"href":"https:\/\/nextgun.ch\/de\/wp-json\/wp\/v2\/comments?post=1515"}],"version-history":[{"count":1,"href":"https:\/\/nextgun.ch\/de\/wp-json\/wp\/v2\/pages\/1515\/revisions"}],"predecessor-version":[{"id":1516,"href":"https:\/\/nextgun.ch\/de\/wp-json\/wp\/v2\/pages\/1515\/revisions\/1516"}],"wp:attachment":[{"href":"https:\/\/nextgun.ch\/de\/wp-json\/wp\/v2\/media?parent=1515"}],"curies":[{"name":"wp","href":"https:\/\/api.w.org\/{rel}","templated":true}]}}